{"id":59,"date":"2023-11-13T16:47:57","date_gmt":"2023-11-13T15:47:57","guid":{"rendered":"https:\/\/www.groupsplanner.com\/?page_id=59"},"modified":"2024-01-16T22:29:34","modified_gmt":"2024-01-16T21:29:34","slug":"politica-de-cookies","status":"publish","type":"page","link":"https:\/\/btravel.groupsplanner.com\/es\/politica-de-cookies\/","title":{"rendered":"Pol\u00edtica de Cookies"},"content":{"rendered":"<section class=\"wpb-content-wrapper\"><p>[vc_row][vc_column][vc_column_text]En cumplimiento del Real Decreto Ley 13\/2012, ajustado a la Directiva 2009\/136 \/ CE del Parlamento Europeo y del Consejo de 25 de noviembre de 2009, integrada en la la LSSI (Ley 34\/2002, de 11 de julio, de servicios de la sociedad de la informaci\u00f3n y de comercio electr\u00f3nico), groupsplanner.com informa:<\/p>\n<p><strong>Como utiliza groupsplanner.com las cookies<\/strong><\/p>\n<p>Una cookie es un peque\u00f1o fragmento de texto que los sitios web que visitas env\u00edan al navegador y que permite que el sitio web recuerde informaci\u00f3n sobre tu visita, como tu pa\u00eds de origen y otras opciones, lo que puede facilitar tu pr\u00f3xima visita y hacer que el lugar y tu navegaci\u00f3n por el mismo te resulte mucho m\u00e1s \u00fatil. Las galletas tienen un papel muy importante, ya que sin ellas el uso de la web ser\u00eda una experiencia mucho m\u00e1s frustrante. groupsplanner.com utiliza cookies para facilitar tu navegaci\u00f3n. En concreto, por medio de estas cookies, podr\u00e1 identificarse como usuario registrado cada vez que accedas al mismo, permitiendo as\u00ed el acceso y uso a las \u00e1reas o secciones, servicios, funcionalidades y \/ o promociones del sitio web establecidas especialmente para a este colectivo. En ning\u00fan caso es posible asociar las galletas a tus datos personales concretos, ni identificar a trav\u00e9s de ellas. Adem\u00e1s, te recordamos que como usuario tienes la posibilidad de desactivar las cookies cuando quieras, a trav\u00e9s de la configuraci\u00f3n de tu navegador de Internet.<\/p>\n<p>Al navegar por groupsplanner.com el usuario est\u00e1 aceptando que se puedan instalar cookies en su terminal y que nos permiten conocer la siguiente informaci\u00f3n:<\/p>\n<p>Informaci\u00f3n estad\u00edstica del uso de la web<\/p>\n<p>El &#8216;login&#8217; del usuario para mantener la sesi\u00f3n activa en la web.<br \/>\nEl formato de la web preferente en el acceso desde dispositivos m\u00f3viles.<br \/>\nEn caso de bloquear el uso de cookies en tu navegador es posible que algunos servicios o funcionalidades de la p\u00e1gina web no est\u00e9n disponibles.<\/p>\n<p><strong>Tipo de cookies utilizadas<\/strong><\/p>\n<p>Esta web utiliza tanto cookies temporales de sesi\u00f3n como cookies permanentes. Las cookies de sesi\u00f3n almacenan datos \u00fanicamente mientras el usuario accede a la web y las cookies permanentes almacenan los datos en el terminal para que sean accedidos y utilizados en m\u00e1s de una sesi\u00f3n. En nuestra Pol\u00edtica de Privacidad explica c\u00f3mo protegemos tu privacidad con respecto al uso de las cookies y otra informaci\u00f3n. Seg\u00fan la finalidad para la que se traten los datos obtenidos a trav\u00e9s de las galletas, la web puede utilizar:<\/p>\n<p><strong>Cookies t\u00e9cnicas<\/strong><\/p>\n<p>Son aquellas que permiten al usuario la navegaci\u00f3n a trav\u00e9s de la p\u00e1gina web o aplicaci\u00f3n y la utilizaci\u00f3n de las diferentes opciones o servicios que en ella existen. Por ejemplo, controlar el tr\u00e1fico y la comunicaci\u00f3n de datos, identificar la sesi\u00f3n, acceder a las partes web de acceso restringido, recordar los elementos que integran un pedido, realizar la solicitud de inscripci\u00f3n o participaci\u00f3n en un evento, utilizar elementos de seguridad durante la navegaci\u00f3n y almacenar contenidos para la difusi\u00f3n de v\u00eddeos o sonido.<\/p>\n<p><strong>Cookies de personalizaci\u00f3n<\/strong><\/p>\n<p>Son aquellas que permiten al usuario acceder al servicio con algunas caracter\u00edsticas de car\u00e1cter general predefinidas en tu terminal o que el propio usuario defina. Por ejemplo, el idioma, el tipo de navegador mediante el cual accede al servicio, el dise\u00f1o de contenidos seleccionado, geolocalizaci\u00f3n del terminal y la configuraci\u00f3n regional desde donde se accede al servicio.<\/p>\n<p><strong>Cookies publicitarias<\/strong><\/p>\n<p>Son aquellas que permiten la gesti\u00f3n eficaz de los espacios publicitarios que se han incluido en la p\u00e1gina web o aplicaci\u00f3n desde la que se presta el servicio permitiendo adecuar el contenido de la publicidad para que \u00e9sta sea relevante para el usuario. groupsplanner.com contiene anuncios servidos por una agencia de publicidad. Esta agencia utiliza cookies publicitarias. Para cualquier informaci\u00f3n adicional consultar este link: www.youronlinechoices.com\/es\/<\/p>\n<p><strong>Cookies de an\u00e1lisis estad\u00edstico<\/strong><\/p>\n<p>Son aquellas que permiten hacer el seguimiento y an\u00e1lisis del comportamiento de los usuarios en los sitios web. La informaci\u00f3n recogida mediante este tipo de cookies se utiliza en la medici\u00f3n de la actividad de los sitios web, aplicaci\u00f3n o plataforma y para la elaboraci\u00f3n de perfiles de navegaci\u00f3n de los usuarios de estos lugares, a fin de introducir mejoras en el servicio en funci\u00f3n de los datos de uso que hacen los usuarios.<\/p>\n<p><strong>Cookies de terceros<\/strong><\/p>\n<p>Las cookies de terceros que permiten gestionar y mejorar los servicios ofrecidos. Como por ejemplo, servicios estad\u00edsticos de Google Analytics y Comscore (medici\u00f3n de audiencias). Adem\u00e1s groupsplanner.com incrusta en su p\u00e1gina plugins sociales (como Facebook, Twitter y \/ o Youtube) que utilizan sus propias galletas. Te recomendamos leer sus pol\u00edticas de privacidad y t\u00e9rminos de uso y de galletas de cada una de ellas para tener m\u00e1s informaci\u00f3n al respecto.<\/p>\n<p><strong>C\u00f3mo administrar las cookies en el navegador?<\/strong><\/p>\n<p>El usuario tiene la opci\u00f3n de permitir, bloquear o eliminar las cookies instaladas en su equipo mediante la configuraci\u00f3n de las opciones del navegador instalado en tu terminal. En algunos navegadores se pueden configurar reglas espec\u00edficas para administrar cookies para sitio web, lo que ofrece un control m\u00e1s preciso sobre la privacidad. En este caso se puede inhabilitar cookies de todos los sitios excepto de aquellos en los que se conf\u00ede. En caso de duda y para ampliar informaci\u00f3n al respecto, te recomendamos que consultes las diferentes opciones que pudieran encontrarse disponibles en el navegador de Internet que utilices para acceder a groupsplanner.com, como los navegadores Internet Explorer, Chrome, Firefox o Safari.<\/p>\n<p>Si deseas obtener m\u00e1s informaci\u00f3n sobre las cookies y c\u00f3mo desactivar, visita: http:\/\/www.aboutcookies.org<\/p>\n<p>[\/vc_column_text][\/vc_column][\/vc_row]<\/p>\n<\/section>","protected":false},"excerpt":{"rendered":"<p>[vc_row][vc_column][vc_column_text]En cumplimiento del Real Decreto Ley 13\/2012, ajustado a la Directiva 2009\/136 \/ CE del Parlamento Europeo y del Consejo de 25 de noviembre de 2009, integrada en la la LSSI (Ley 34\/2002, de 11 de julio, de servicios de la sociedad de la informaci\u00f3n y de comercio electr\u00f3nico), groupsplanner.com informa: Como utiliza groupsplanner.com las [&hellip;]<\/p>\n","protected":false},"author":1,"featured_media":0,"parent":0,"menu_order":0,"comment_status":"closed","ping_status":"open","template":"page-template-default-noimg.php","meta":{"footnotes":""},"class_list":["post-59","page","type-page","status-publish","hentry"],"_links":{"self":[{"href":"https:\/\/btravel.groupsplanner.com\/es\/wp-json\/wp\/v2\/pages\/59","targetHints":{"allow":["GET"]}}],"collection":[{"href":"https:\/\/btravel.groupsplanner.com\/es\/wp-json\/wp\/v2\/pages"}],"about":[{"href":"https:\/\/btravel.groupsplanner.com\/es\/wp-json\/wp\/v2\/types\/page"}],"author":[{"embeddable":true,"href":"https:\/\/btravel.groupsplanner.com\/es\/wp-json\/wp\/v2\/users\/1"}],"replies":[{"embeddable":true,"href":"https:\/\/btravel.groupsplanner.com\/es\/wp-json\/wp\/v2\/comments?post=59"}],"version-history":[{"count":3,"href":"https:\/\/btravel.groupsplanner.com\/es\/wp-json\/wp\/v2\/pages\/59\/revisions"}],"predecessor-version":[{"id":156,"href":"https:\/\/btravel.groupsplanner.com\/es\/wp-json\/wp\/v2\/pages\/59\/revisions\/156"}],"wp:attachment":[{"href":"https:\/\/btravel.groupsplanner.com\/es\/wp-json\/wp\/v2\/media?parent=59"}],"curies":[{"name":"wp","href":"https:\/\/api.w.org\/{rel}","templated":true}]}}